{"id":946,"date":"2020-07-23T08:07:59","date_gmt":"2020-07-23T08:07:59","guid":{"rendered":"https:\/\/sarapuumarjatalu.nurgapuukool.ee\/?post_type=product&#038;p=946"},"modified":"2020-10-01T14:31:33","modified_gmt":"2020-10-01T14:31:33","slug":"valge-sostar","status":"publish","type":"product","link":"https:\/\/sarapuumarjatalu.ee\/en\/toode\/valge-sostar\/","title":{"rendered":"Valge s\u00f5star"},"content":{"rendered":"","protected":false},"excerpt":{"rendered":"<p>Valge s\u00f5star &#8216;J\u00fcterbogi Valge&#8217; 250 g.<\/p>\n","protected":false},"featured_media":924,"template":"","meta":[],"product_brand":[],"product_cat":[15],"product_tag":[],"class_list":{"0":"post-946","1":"product","2":"type-product","3":"status-publish","4":"has-post-thumbnail","6":"product_cat-muud-tooted","7":"align-left","8":"box-shadow-0","9":"box-shadow-0-hover","10":"ast-product-gallery-layout-horizontal","11":"ast-product-gallery-with-no-image","12":"ast-product-tabs-layout-horizontal","14":"first","15":"outofstock","16":"featured","17":"shipping-taxable","18":"purchasable","19":"product-type-simple"},"_links":{"self":[{"href":"https:\/\/sarapuumarjatalu.ee\/en\/wp-json\/wp\/v2\/product\/946","targetHints":{"allow":["GET"]}}],"collection":[{"href":"https:\/\/sarapuumarjatalu.ee\/en\/wp-json\/wp\/v2\/product"}],"about":[{"href":"https:\/\/sarapuumarjatalu.ee\/en\/wp-json\/wp\/v2\/types\/product"}],"wp:featuredmedia":[{"embeddable":true,"href":"https:\/\/sarapuumarjatalu.ee\/en\/wp-json\/wp\/v2\/media\/924"}],"wp:attachment":[{"href":"https:\/\/sarapuumarjatalu.ee\/en\/wp-json\/wp\/v2\/media?parent=946"}],"wp:term":[{"taxonomy":"product_brand","embeddable":true,"href":"https:\/\/sarapuumarjatalu.ee\/en\/wp-json\/wp\/v2\/product_brand?post=946"},{"taxonomy":"product_cat","embeddable":true,"href":"https:\/\/sarapuumarjatalu.ee\/en\/wp-json\/wp\/v2\/product_cat?post=946"},{"taxonomy":"product_tag","embeddable":true,"href":"https:\/\/sarapuumarjatalu.ee\/en\/wp-json\/wp\/v2\/product_tag?post=946"}],"curies":[{"name":"wp","href":"https:\/\/api.w.org\/{rel}","templated":true}]}}