{"id":896,"date":"2020-06-05T12:59:22","date_gmt":"2020-06-05T12:59:22","guid":{"rendered":"https:\/\/sarapuumarjatalu.nurgapuukool.ee\/?post_type=product&#038;p=896"},"modified":"2020-10-01T10:42:43","modified_gmt":"2020-10-01T10:42:43","slug":"must-sostar-3","status":"publish","type":"product","link":"https:\/\/sarapuumarjatalu.ee\/en\/toode\/must-sostar-3\/","title":{"rendered":"Must s\u00f5star"},"content":{"rendered":"","protected":false},"excerpt":{"rendered":"<p>Eestimaal kasvatatud, k\u00e4sitsi korjatud must s\u00f5star.<\/p>\n<p>Toode saadaval 6 kg kottides (4.5 \u20ac\/kg).<\/p>\n<p>&nbsp;<\/p>\n","protected":false},"featured_media":0,"template":"","meta":[],"product_brand":[],"product_cat":[24],"product_tag":[],"class_list":{"0":"post-896","1":"product","2":"type-product","3":"status-publish","5":"product_cat-kulmutatud","6":"align-left","7":"box-shadow-0","8":"box-shadow-0-hover","9":"ast-product-gallery-layout-horizontal","10":"ast-product-gallery-with-no-image","11":"ast-product-tabs-layout-horizontal","13":"first","14":"outofstock","15":"shipping-taxable","16":"purchasable","17":"product-type-simple"},"_links":{"self":[{"href":"https:\/\/sarapuumarjatalu.ee\/en\/wp-json\/wp\/v2\/product\/896","targetHints":{"allow":["GET"]}}],"collection":[{"href":"https:\/\/sarapuumarjatalu.ee\/en\/wp-json\/wp\/v2\/product"}],"about":[{"href":"https:\/\/sarapuumarjatalu.ee\/en\/wp-json\/wp\/v2\/types\/product"}],"wp:attachment":[{"href":"https:\/\/sarapuumarjatalu.ee\/en\/wp-json\/wp\/v2\/media?parent=896"}],"wp:term":[{"taxonomy":"product_brand","embeddable":true,"href":"https:\/\/sarapuumarjatalu.ee\/en\/wp-json\/wp\/v2\/product_brand?post=896"},{"taxonomy":"product_cat","embeddable":true,"href":"https:\/\/sarapuumarjatalu.ee\/en\/wp-json\/wp\/v2\/product_cat?post=896"},{"taxonomy":"product_tag","embeddable":true,"href":"https:\/\/sarapuumarjatalu.ee\/en\/wp-json\/wp\/v2\/product_tag?post=896"}],"curies":[{"name":"wp","href":"https:\/\/api.w.org\/{rel}","templated":true}]}}